{"id":1514,"date":"2025-01-07T07:20:51","date_gmt":"2025-01-07T07:20:51","guid":{"rendered":"https:\/\/szczecincitytours.pl\/ueber-uns\/"},"modified":"2025-06-13T10:00:08","modified_gmt":"2025-06-13T10:00:08","slug":"ueber-uns","status":"publish","type":"page","link":"https:\/\/szczecincitytours.pl\/de\/ueber-uns\/","title":{"rendered":"\u00dcber uns"},"content":{"rendered":"<div class=\"wpb-content-wrapper\"><p>[vc_row][vc_column]<div class=\"title title--big title--underline title--decoration-bottom-left\">\n\t\t\t<div class=\"title__subtitle\">Besichtigungen in Stettin<\/div>\n\t\t<h3 class=\"title__primary\">Szczecin City Tours<\/h3>\n<\/div>\n[vc_column_text css=&#8220;&#8220;]<\/p>\n&#13;\n<p class=\"p1\">Wir sind ein Unternehmen, das sich auf komfortable und interessante Stadtrundfahrten durch Stettin mit einem bequemen Bus spezialisiert hat. Unser Ziel ist es, die Stadt auf angenehme Weise zu zeigen \u2013 abgestimmt auf die Bed\u00fcrfnisse von Individualtouristen, Gruppen und Firmen. <\/p>&#13;\n<p class=\"p1\">Wir bieten Touren zu den wichtigsten Sehensw\u00fcrdigkeiten Stettins an \u2013 darunter <b>die Hakenterrasse, das Schloss der Pommerschen Herz\u00f6ge, die Stettiner Philharmonie, die Altstadt und die unterirdischen G\u00e4nge von Stettin<\/b>. Unsere erfahrenen Reiseleiter erz\u00e4hlen spannende Geschichten und Anekdoten und machen jede Fahrt zu einer faszinierenden Lektion \u00fcber die Stadt. <\/p>&#13;\n<p class=\"p1\">Dank moderner, klimatisierter Busse bieten wir Komfort und die M\u00f6glichkeit, in kurzer Zeit m\u00f6glichst viel zu sehen. Die perfekte Wahl f\u00fcr alle, die Bequemlichkeit sch\u00e4tzen und Stettin ohne lange Fu\u00dfm\u00e4rsche entdecken m\u00f6chten. <\/p>&#13;\n<p class=\"p1\">Komm mit uns und entdecke Stettin aus einer ganz neuen Perspektive \u2013 bequem im Bus, mit spannender Geschichte und Sehensw\u00fcrdigkeiten! \ud83d\ude8d\ud83c\udff0\u2728 <\/p>&#13;\n<p>[\/vc_column_text][\/vc_column][\/vc_row]<\/p><\/div>","protected":false},"excerpt":{"rendered":"<p>[vc_row][vc_column][vc_column_text css=&#8220;&#8220;] &#13; Wir sind ein Unternehmen, das sich auf komfortable und interessante Stadtrundfahrten durch Stettin mit einem bequemen Bus spezialisiert hat. Unser Ziel ist es, die Stadt auf angenehme Weise zu zeigen \u2013 abgestimmt auf die Bed\u00fcrfnisse von Individualtouristen, Gruppen und Firmen. &#13; Wir bieten Touren zu den wichtigsten Sehensw\u00fcrdigkeiten Stettins an \u2013 darunter<\/p>\n<div class=\"padding-top text-center\"><a href=\"https:\/\/szczecincitytours.pl\/de\/ueber-uns\/\" class=\"atbtn atbtn--medium atbtn--rounded atbtn--transparent\">Wi\u0119cej<i class=\"atbtn__icon atbtn__icon--right fa fa-long-arrow-right\"><\/i><\/a><\/div>\n","protected":false},"author":1,"featured_media":0,"parent":0,"menu_order":0,"comment_status":"closed","ping_status":"closed","template":"","meta":{"footnotes":""},"class_list":["post-1514","page","type-page","status-publish","hentry"],"_links":{"self":[{"href":"https:\/\/szczecincitytours.pl\/de\/wp-json\/wp\/v2\/pages\/1514","targetHints":{"allow":["GET"]}}],"collection":[{"href":"https:\/\/szczecincitytours.pl\/de\/wp-json\/wp\/v2\/pages"}],"about":[{"href":"https:\/\/szczecincitytours.pl\/de\/wp-json\/wp\/v2\/types\/page"}],"author":[{"embeddable":true,"href":"https:\/\/szczecincitytours.pl\/de\/wp-json\/wp\/v2\/users\/1"}],"replies":[{"embeddable":true,"href":"https:\/\/szczecincitytours.pl\/de\/wp-json\/wp\/v2\/comments?post=1514"}],"version-history":[{"count":1,"href":"https:\/\/szczecincitytours.pl\/de\/wp-json\/wp\/v2\/pages\/1514\/revisions"}],"predecessor-version":[{"id":1515,"href":"https:\/\/szczecincitytours.pl\/de\/wp-json\/wp\/v2\/pages\/1514\/revisions\/1515"}],"wp:attachment":[{"href":"https:\/\/szczecincitytours.pl\/de\/wp-json\/wp\/v2\/media?parent=1514"}],"curies":[{"name":"wp","href":"https:\/\/api.w.org\/{rel}","templated":true}]}}