{"id":1651,"date":"2025-03-11T09:26:45","date_gmt":"2025-03-11T09:26:45","guid":{"rendered":"https:\/\/szczecincitytours.pl\/szczecin\/"},"modified":"2026-03-07T12:48:11","modified_gmt":"2026-03-07T12:48:11","slug":"szczecin","status":"publish","type":"page","link":"https:\/\/szczecincitytours.pl\/de\/szczecin\/","title":{"rendered":"Szczecin"},"content":{"rendered":"<div class=\"wpb-content-wrapper\"><p>[vc_row][vc_column]<div class=\"title title--big title--center title--underline title--decoration-bottom-center\">\n\t\t\t<div class=\"title__subtitle\">Stadt des Gr\u00fcns, der Geschichte und des Auenklimas<\/div>\n\t\t<h3 class=\"title__primary\">Szczecin<\/h3>\n<\/div>\n[vc_column_text css=&#8220;&#8220;]<\/p>\n&#13;\n<p class=\"p1\">Stettin ist eine der gr\u00f6\u00dften und wichtigsten St\u00e4dte im Nordwesten Polens, voller faszinierender Geschichte, einzigartiger Architektur und malerischer Gr\u00fcnfl\u00e4chen. An der Oder gelegen, nahe der deutschen Grenze und nicht weit von der Ostsee entfernt, spielt die Stadt seit Jahrhunderten eine wichtige Rolle als Hafen und Handelszentrum der Region. Dank seiner einzigartigen Lage verbindet Stettin die Eigenschaften einer Metropole mit dem Zugang zur Natur und ist damit ein attraktiver Ort zum Leben und f\u00fcr den Tourismus.<\/p>&#13;\n<p class=\"p1\">Die Stadt ist nicht nur ein wichtiges wirtschaftliches und akademisches, sondern auch ein kulturelles Zentrum. Beeindruckende Sehensw\u00fcrdigkeiten wie das Schloss der pommerschen Herz\u00f6ge oder die Basilika St. Peter und St. Paul k\u00f6nnen hier bewundert werden. Es gibt auch moderne architektonische Schmuckst\u00fccke wie die preisgekr\u00f6nte Stettiner Philharmonie. Stettin bietet auch zahlreiche kulturelle Veranstaltungen, Festivals und Erholungsr\u00e4ume, die zur Entspannung und aktiven Freizeitgestaltung einladen.<\/p>&#13;\n<p class=\"p1\">Mit ihrem ausgedehnten Verkehrsnetz, der N\u00e4he zu Berlin und den g\u00fcnstigen Verbindungen zum Rest Europas ist die Stadt ein dynamischer Ort, an dem sich Geschichte und Moderne vermischen und das st\u00e4dtische Leben mit der Natur harmoniert. All dies macht Stettin zu einem Ort, der es wert ist, besucht und n\u00e4her kennengelernt zu werden.<\/p>&#13;\n<p>\u00a0<\/p>&#13;\n<p>[\/vc_column_text][vc_empty_space height=&#8220;40px&#8220;][\/vc_column][\/vc_row][vc_row full_width=&#8220;stretch_row&#8220; css=&#8220;.vc_custom_1741167595947{background-color: #6C7C8C !important;}&#8220;][vc_column]<div class=\"title title--big title--center title--underline title--light title--underline-light title--decoration-bottom-center\">\n\t\t<h3 class=\"title__primary\">Geschichte und Architektur<\/h3>\n<\/div>\n[vc_column_text css=&#8220;.vc_custom_1743072089057{background-color: #6C7C8C00 !important;}&#8220; el_class=&#8220;p-dark&#8220;]<\/p>&#13;\n<p class=\"p1\">Stettin (Szczecin) hat eine reiche Geschichte, die bis ins Mittelalter zur\u00fcckreicht. Im Laufe der Jahrhunderte geh\u00f6rte es zu verschiedenen Staaten, darunter das Herzogtum Pommern, Preu\u00dfen, Deutschland und nach dem Zweiten Weltkrieg wurde es von Polen annektiert. Der Einfluss der verschiedenen Kulturen zeigt sich in der Architektur der Stadt, in der preu\u00dfische Stadth\u00e4user und modernistische Geb\u00e4ude neben gotischen Kirchen zu finden sind.<\/p>&#13;\n<p class=\"p1\">Zu den wichtigsten Sehensw\u00fcrdigkeiten in Szczecin geh\u00f6ren:<\/p>&#13;\n<p class=\"p3\">&#8211;<span class=\"s1\"><b>Schloss der pommerschen Herz\u00f6ge<\/b><\/span> &#8211; Renaissance-Residenz der Greifen-Dynastie, die mehrmals umgebaut wurde und heute als Kulturzentrum und Museum dient.<\/p>&#13;\n<p class=\"p3\">&#8211;<span class=\"s1\"><b>Wa\u0142y Chrobrego (Chrobry-Damm)<\/b><\/span> -monumentale Aussichtsplattform \u00fcber der Oder, entworfen im fr\u00fchen 20. Jahrhundert von dem deutschen Architekten Wilhelm Meyer-Schwartau. Dies ist einer der markantesten Orte in Szczecin, der einen sch\u00f6nen Blick auf den Fluss und den Hafen bietet.<\/p>&#13;\n<p class=\"p3\">&#8211;<span class=\"s1\"><b>St. Mary&#8217;s Basilica. James<\/b><\/span>  &#8211; Gotische Kathedrale, deren Geschichte bis ins 13. Jahrhundert zur\u00fcckreicht. Sein markanter Turm (110 Meter hoch) ist einer der h\u00f6chsten Aussichtspunkte der Stadt.<\/p>&#13;\n<p class=\"p3\">&#8211;<span class=\"s1\"><b>Philharmonie. Mieczys\u0142aw Kar\u0142owicz<\/b><\/span>  &#8211; ein modernes Geb\u00e4ude mit einem einzigartigen, hoch aufragenden K\u00f6rper, das bei internationalen Architekturwettbewerben zahlreiche Preise gewonnen hat.<\/p>&#13;\n<p class=\"p1\">Wenn Sie durch die Stra\u00dfen der Stadt spazieren, k\u00f6nnen Sie den Geist ihrer reichen Geschichte sp\u00fcren und ihr einzigartiges Kulturerbe bewundern.<\/p>&#13;\n<p>[\/vc_column_text][\/vc_column][\/vc_row][vc_row el_class=&#8220;section-white padding-top-large padding-bottom&#8220;][vc_column offset=&#8220;vc_col-md-6&#8243;]<div class=\"last-posts\">\n<div class=\"title title--center title--underline title--decoration-bottom-center\">\n\t\t<h3 class=\"title__primary\">Blog<\/h3>\n<\/div>\n\t\t<div class=\"last-posts__item last-posts__item--with-images\">\n\t\t<div class=\"last-posts__item__container\">\n\t\t<a href=\"https:\/\/szczecincitytours.pl\/de\/das-schloss-der-pommerschen-herzoege-das-kronjuwel-von-szczecin\/\" class=\"last-posts__item__image-wrap\"><img loading=\"lazy\" decoding=\"async\" width=\"1024\" height=\"683\" src=\"https:\/\/szczecincitytours.pl\/wp-content\/uploads\/2026\/02\/zamek-2.webp\" class=\"attachment-thumb_last_posts_shortcode size-thumb_last_posts_shortcode wp-post-image\" alt=\"\" srcset=\"https:\/\/szczecincitytours.pl\/wp-content\/uploads\/2026\/02\/zamek-2.webp 1024w, https:\/\/szczecincitytours.pl\/wp-content\/uploads\/2026\/02\/zamek-2-300x200.webp 300w, https:\/\/szczecincitytours.pl\/wp-content\/uploads\/2026\/02\/zamek-2-768x512.webp 768w, https:\/\/szczecincitytours.pl\/wp-content\/uploads\/2026\/02\/zamek-2-531x354.webp 531w, https:\/\/szczecincitytours.pl\/wp-content\/uploads\/2026\/02\/zamek-2-600x400.webp 600w, https:\/\/szczecincitytours.pl\/wp-content\/uploads\/2026\/02\/zamek-2-180x120.webp 180w\" sizes=\"auto, (max-width: 1024px) 100vw, 1024px\" \/><\/a>\t\t\t<div class=\"last-posts__item__content\">\n\t\t\t\t<h3 class=\"last-posts__item__title\"><a href=\"https:\/\/szczecincitytours.pl\/de\/das-schloss-der-pommerschen-herzoege-das-kronjuwel-von-szczecin\/\">Das Schloss der pommerschen Herz\u00f6ge - das Kronjuwel von Szczecin<\/a><\/h3>\n\t\t\t\t<div class=\"last-posts__item__description\">Wenn Sie einen Besuch in Stettin (Szczecin) planen, m\u00fcssen Sie unbedingt das monumentale Schloss der pommerschen Herz\u00f6ge besuchen.<\/div>\n\t\t\t\t<a href=\"https:\/\/szczecincitytours.pl\/de\/das-schloss-der-pommerschen-herzoege-das-kronjuwel-von-szczecin\/\" class=\"atbtn atbtn--rounded atbtn--medium atbtn--light\">Mehr lesen<i class=\"atbtn__icon atbtn__icon--right fa fa-long-arrow-right\"><\/i><\/a>\n\t\t\t<\/div>\n\t\t<\/div>\n\t<\/div>\n\t<\/div>\n[\/vc_column][vc_column offset=&#8220;vc_col-md-6&#8243;][vc_empty_space height=&#8220;40px&#8220; el_class=&#8220;visible-sm visible-xs&#8220;]<div class=\"title title--big title--center title--underline title--decoration-bottom-center\">\n\t\t<h3 class=\"title__primary\">Gr\u00fcnfl\u00e4chen und Natur<\/h3>\n<\/div>\n[vc_column_text css=&#8220;&#8220;]<\/p>&#13;\n<p class=\"p1\">Stettin ist ber\u00fchmt f\u00fcr seinen Reichtum an Gr\u00fcnfl\u00e4chen, weshalb es auch oft als &#8222;schwimmender Garten&#8220; bezeichnet wird. Hier gibt es viele Parks und W\u00e4lder, wie zum Beispiel den <span class=\"s1\"><b>Kasprowicz-Park<\/b><\/span> oder <span class=\"s1\"><b>Bukowa-Wald<\/b><\/span>. Ein beliebtes Naherholungsgebiet ist auch <span class=\"s1\"><b>Emerald Lake<\/b><\/span>der von malerischen Wanderwegen umgeben ist.<\/p>&#13;\n<p>[\/vc_column_text][\/vc_column][\/vc_row][vc_row][vc_column][vc_empty_space height=&#8220;40px&#8220;]<div class=\"title title--big title--center title--underline title--decoration-bottom-center\">\n\t\t<h3 class=\"title__primary\">Kultur und Stadtleben von Szczecin<\/h3>\n<\/div>\n[vc_column_text css=&#8220;&#8220;]<\/p>&#13;\n<p class=\"p1\">Stettin (Szczecin) ist eine Stadt mit einem dynamischen kulturellen Leben, in der Tradition auf Moderne trifft. Zahlreiche Kultureinrichtungen, Theater, Museen und Kunstgalerien sorgen daf\u00fcr, dass Einheimische und Touristen das ganze Jahr \u00fcber ein breites Spektrum an k\u00fcnstlerischen Angeboten genie\u00dfen k\u00f6nnen. Die Theaterszene der Stadt ist \u00e4u\u00dferst vielf\u00e4ltig &#8211; von den innovativen Produktionen des Contemporary Theatre bis hin zu den Klassikern im Castle Opera House. Dar\u00fcber hinaus bietet die Stettiner Philharmonie, die in einem international preisgekr\u00f6nten Geb\u00e4ude untergebracht ist, Konzerte sowohl mit klassischer Musik als auch mit modernen Kl\u00e4ngen.<\/p>&#13;\n<p class=\"p1\">Die Stadt ist ber\u00fchmt f\u00fcr ihre zahlreichen Festivals, die Besucher aus der ganzen Welt anziehen. Eines der spektakul\u00e4rsten Ereignisse ist Pyromagic, Polens gr\u00f6\u00dftes Feuerwerksfestival, das den Himmel \u00fcber der Oder erhellt. Stettin ist auch Gastgeber der prestigetr\u00e4chtigen The Tall Ships Races, w\u00e4hrend derer sich die Stra\u00dfen mit Musik f\u00fcllen und der Hafen in ein pulsierendes Segelzentrum verwandelt. Dar\u00fcber hinaus finden hier Theater-, Film- und Musikfestivals statt, darunter auch Veranstaltungen zur F\u00f6rderung junger Talente.<\/p>&#13;\n<p class=\"p1\">Kunstgalerien wie die Trafostacja Sztuki pr\u00e4sentieren moderne Ausstellungen, die einen avantgardistischen Ansatz mit dem industriellen Charakter des Raums verbinden. In den Museen k\u00f6nnen Sie die reiche Geschichte der Region entdecken und Sammlungen zeitgen\u00f6ssischer Kunst bewundern. Das Nachtleben von Stettin konzentriert sich auf die Musikclubs, Kneipen und Caf\u00e9s, die das Stadtzentrum bev\u00f6lkern. Die Boulevards entlang der Oder sind im Sommer besonders beliebt, wo Sie sich bei Live-Musik und lokalen Spezialit\u00e4ten entspannen k\u00f6nnen.<\/p>&#13;\n<p class=\"p1\">Stettin ist eine Stadt, die sich st\u00e4ndig weiterentwickelt und Einwohnern und Touristen ein breites Spektrum an Kultur- und Unterhaltungsangeboten bietet. Dank der einzigartigen Mischung aus Tradition und Moderne ist f\u00fcr jeden etwas dabei &#8211; von Theaterfans bis hin zu Liebhabern von Festivals und Konzerten im Freien.<\/p>&#13;\n<p>[\/vc_column_text][\/vc_column][\/vc_row]<\/p><\/div>","protected":false},"excerpt":{"rendered":"<p>[vc_row][vc_column][vc_column_text css=&#8220;&#8220;] &#13; Stettin ist eine der gr\u00f6\u00dften und wichtigsten St\u00e4dte im Nordwesten Polens, voller faszinierender Geschichte, einzigartiger Architektur und malerischer Gr\u00fcnfl\u00e4chen. An der Oder gelegen, nahe der deutschen Grenze und nicht weit von der Ostsee entfernt, spielt die Stadt seit Jahrhunderten eine wichtige Rolle als Hafen und Handelszentrum der Region. Dank seiner einzigartigen Lage<\/p>\n<div class=\"padding-top text-center\"><a href=\"https:\/\/szczecincitytours.pl\/de\/szczecin\/\" class=\"atbtn atbtn--medium atbtn--rounded atbtn--transparent\">Wi\u0119cej<i class=\"atbtn__icon atbtn__icon--right fa fa-long-arrow-right\"><\/i><\/a><\/div>\n","protected":false},"author":1,"featured_media":0,"parent":0,"menu_order":0,"comment_status":"closed","ping_status":"closed","template":"","meta":{"footnotes":""},"class_list":["post-1651","page","type-page","status-publish","hentry"],"_links":{"self":[{"href":"https:\/\/szczecincitytours.pl\/de\/wp-json\/wp\/v2\/pages\/1651","targetHints":{"allow":["GET"]}}],"collection":[{"href":"https:\/\/szczecincitytours.pl\/de\/wp-json\/wp\/v2\/pages"}],"about":[{"href":"https:\/\/szczecincitytours.pl\/de\/wp-json\/wp\/v2\/types\/page"}],"author":[{"embeddable":true,"href":"https:\/\/szczecincitytours.pl\/de\/wp-json\/wp\/v2\/users\/1"}],"replies":[{"embeddable":true,"href":"https:\/\/szczecincitytours.pl\/de\/wp-json\/wp\/v2\/comments?post=1651"}],"version-history":[{"count":1,"href":"https:\/\/szczecincitytours.pl\/de\/wp-json\/wp\/v2\/pages\/1651\/revisions"}],"predecessor-version":[{"id":1652,"href":"https:\/\/szczecincitytours.pl\/de\/wp-json\/wp\/v2\/pages\/1651\/revisions\/1652"}],"wp:attachment":[{"href":"https:\/\/szczecincitytours.pl\/de\/wp-json\/wp\/v2\/media?parent=1651"}],"curies":[{"name":"wp","href":"https:\/\/api.w.org\/{rel}","templated":true}]}}