{"id":1657,"date":"2015-07-16T16:00:39","date_gmt":"2015-07-16T16:00:39","guid":{"rendered":"https:\/\/szczecincitytours.pl\/kontakt\/"},"modified":"2026-03-17T13:58:55","modified_gmt":"2026-03-17T13:58:55","slug":"kontakt","status":"publish","type":"page","link":"https:\/\/szczecincitytours.pl\/de\/kontakt\/","title":{"rendered":"Kontakt"},"content":{"rendered":"<div class=\"wpb-content-wrapper\"><p>[vc_row el_class=&#8220;margin-bottom&#8220;][vc_column offset=&#8220;vc_col-md-6&#8243;]<div class=\"title\">\n\t\t\t<div class=\"title__subtitle\">Haben Sie etwas zu erz\u00e4hlen?<\/div>\n\t\t<h3 class=\"title__primary\">Kontaktangaben<\/h3>\n<\/div>\n[vc_column_text css=&#8220;&#8220;]Wenn Sie eine Geschichte erz\u00e4hlen m\u00f6chten oder eine Frage haben, die auf unserer Website nicht beantwortet wird, kontaktieren Sie uns bitte \u00fcber die unten aufgef\u00fchrten Kontaktdaten oder f\u00fcllen Sie das Formular auf der rechten Seite aus.[\/vc_column_text]<div class=\"contact-info\">\n\t\t\t<div class=\"contact-info__item\">\n\t\t\t<div class=\"contact-info__item__icon\"><i class=\"fa fa-map-marker\"><\/i><\/div>\n\t\t\t<div class=\"contact-info__item__text\">Marsza\u0142ka J\u00f3zefa Pi\u0142sudskiego 27, 70-461 Szczecin<\/div>\n\t\t<\/div>\n\t\n\t<div class=\"contact-info__item\"><a href=\"tel:+48501666295\"><span class=\"contact-info__item__icon\"><i class=\"fa fa-phone\"><\/i><\/span><span class=\"contact-info__item__text\">+48 501 666 295<\/span><\/a><\/div>\n\t\n\t<div class=\"contact-info__item\"><a href=\"mailto:info@szczecincitytours.pl\"><span class=\"contact-info__item__icon\"><i class=\"fa fa-envelope contact-info__item__icon__email\"><\/i><\/span><span class=\"contact-info__item__text\">info@szczecincitytours.pl<\/span><\/a><\/div>\n\t<\/div>\n[vc_empty_space height=&#8220;20px&#8220;]<div class=\"social-icons social-icons--square\">\n\t<div class=\"social-icons__icons\">\n\t<a href=\"https:\/\/www.facebook.com\/szczecincitytours\" class=\"social-icons__icon social-icons__icon--facebook\"><i class=\"fa fa-facebook\"><\/i><\/a><a href=\"https:\/\/www.instagram.com\/szczecincitytours\" class=\"social-icons__icon social-icons__icon--instagram\"><i class=\"fa fa-instagram\"><\/i><\/a>\t<\/div>\n<\/div>\n[\/vc_column][vc_column offset=&#8220;vc_col-md-6&#8243;][vc_empty_space height=&#8220;40px&#8220; el_class=&#8220;visible-sm visible-xs&#8220;]<div class=\"title\">\n\t\t\t<div class=\"title__subtitle\">Haben Sie noch Fragen?<\/div>\n\t\t<h3 class=\"title__primary\">Kontakt aufnehmen<\/h3>\n<\/div>\n\n<div class=\"wpcf7 no-js\" id=\"wpcf7-f162-o1\" lang=\"pl-PL\" dir=\"ltr\" data-wpcf7-id=\"162\">\n<div class=\"screen-reader-response\"><p role=\"status\" aria-live=\"polite\" aria-atomic=\"true\"><\/p> <ul><\/ul><\/div>\n<form action=\"\/de\/wp-json\/wp\/v2\/pages\/1657#wpcf7-f162-o1\" method=\"post\" class=\"wpcf7-form init\" aria-label=\"Formularz kontaktowy\" novalidate=\"novalidate\" data-status=\"init\">\n<fieldset class=\"hidden-fields-container\"><input type=\"hidden\" name=\"_wpcf7\" value=\"162\" \/><input type=\"hidden\" name=\"_wpcf7_version\" value=\"6.1.1\" \/><input type=\"hidden\" name=\"_wpcf7_locale\" value=\"pl_PL\" \/><input type=\"hidden\" name=\"_wpcf7_unit_tag\" value=\"wpcf7-f162-o1\" \/><input type=\"hidden\" name=\"_wpcf7_container_post\" value=\"0\" \/><input type=\"hidden\" name=\"_wpcf7_posted_data_hash\" value=\"\" \/>\n<\/fieldset>\n<div class=\"form-contact\">\n\t<div class=\"form-contact__fields-short\">\n\t\t<div class=\"form-contact__item-short\">\n\t\t\t<p><span class=\"wpcf7-form-control-wrap\" data-name=\"your-name\"><input size=\"40\" maxlength=\"400\" class=\"wpcf7-form-control wpcf7-text wpcf7-validates-as-required\" aria-required=\"true\" aria-invalid=\"false\" placeholder=\"Imi\u0119\" value=\"\" type=\"text\" name=\"your-name\" \/><\/span>\n\t\t\t<\/p>\n\t\t<\/div>\n\t\t<div class=\"form-contact__item-short\">\n\t\t\t<p><span class=\"wpcf7-form-control-wrap\" data-name=\"your-email\"><input size=\"40\" maxlength=\"400\" class=\"wpcf7-form-control wpcf7-email wpcf7-validates-as-required wpcf7-text wpcf7-validates-as-email\" aria-required=\"true\" aria-invalid=\"false\" placeholder=\"E-mail\" value=\"\" type=\"email\" name=\"your-email\" \/><\/span>\n\t\t\t<\/p>\n\t\t<\/div>\n\t<\/div>\n\t<div class=\"form-contact__fields-short\">\n\t\t<p><span class=\"wpcf7-form-control-wrap\" data-name=\"your-subject\"><input size=\"40\" maxlength=\"400\" class=\"wpcf7-form-control wpcf7-text wpcf7-validates-as-required\" aria-required=\"true\" aria-invalid=\"false\" placeholder=\"Temat\" value=\"\" type=\"text\" name=\"your-subject\" \/><\/span>\n\t\t<\/p>\n\t<\/div>\n\t<p><span class=\"wpcf7-form-control-wrap\" data-name=\"your-message\"><textarea cols=\"0\" rows=\"0\" maxlength=\"2000\" class=\"wpcf7-form-control wpcf7-textarea\" aria-invalid=\"false\" placeholder=\"Wiadomo\u015b\u0107\" name=\"your-message\"><\/textarea><\/span><br \/>\n<button type=\"submit\" class=\"button button--style1 button--with-icon\"><i class=\"fa fa-paper-plane\"><\/i>Wy\u015blij<\/button>\n\t<\/p>\n<\/div><div class=\"wpcf7-response-output\" aria-hidden=\"true\"><\/div>\n<\/form>\n<\/div>\n[\/vc_column][\/vc_row]<\/p>\n<\/div>","protected":false},"excerpt":{"rendered":"<p>[vc_row el_class=&#8220;margin-bottom&#8220;][vc_column offset=&#8220;vc_col-md-6&#8243;][vc_column_text css=&#8220;&#8220;]Wenn Sie eine Geschichte erz\u00e4hlen m\u00f6chten oder eine Frage haben, die auf unserer Website nicht beantwortet wird, kontaktieren Sie uns bitte \u00fcber die unten aufgef\u00fchrten Kontaktdaten oder f\u00fcllen Sie das Formular auf der rechten Seite aus.[\/vc_column_text][vc_empty_space height=&#8220;20px&#8220;][\/vc_column][vc_column offset=&#8220;vc_col-md-6&#8243;][vc_empty_space height=&#8220;40px&#8220; el_class=&#8220;visible-sm visible-xs&#8220;][\/vc_column][\/vc_row]<\/p>\n","protected":false},"author":1,"featured_media":0,"parent":0,"menu_order":0,"comment_status":"open","ping_status":"open","template":"","meta":{"footnotes":""},"class_list":["post-1657","page","type-page","status-publish","hentry"],"_links":{"self":[{"href":"https:\/\/szczecincitytours.pl\/de\/wp-json\/wp\/v2\/pages\/1657","targetHints":{"allow":["GET"]}}],"collection":[{"href":"https:\/\/szczecincitytours.pl\/de\/wp-json\/wp\/v2\/pages"}],"about":[{"href":"https:\/\/szczecincitytours.pl\/de\/wp-json\/wp\/v2\/types\/page"}],"author":[{"embeddable":true,"href":"https:\/\/szczecincitytours.pl\/de\/wp-json\/wp\/v2\/users\/1"}],"replies":[{"embeddable":true,"href":"https:\/\/szczecincitytours.pl\/de\/wp-json\/wp\/v2\/comments?post=1657"}],"version-history":[{"count":3,"href":"https:\/\/szczecincitytours.pl\/de\/wp-json\/wp\/v2\/pages\/1657\/revisions"}],"predecessor-version":[{"id":1695,"href":"https:\/\/szczecincitytours.pl\/de\/wp-json\/wp\/v2\/pages\/1657\/revisions\/1695"}],"wp:attachment":[{"href":"https:\/\/szczecincitytours.pl\/de\/wp-json\/wp\/v2\/media?parent=1657"}],"curies":[{"name":"wp","href":"https:\/\/api.w.org\/{rel}","templated":true}]}}